{"id":6,"date":"2018-06-10T07:17:24","date_gmt":"2018-06-10T07:17:24","guid":{"rendered":"https:\/\/mq-abogados.pe\/?page_id=6"},"modified":"2025-02-18T16:55:46","modified_gmt":"2025-02-18T16:55:46","slug":"inicio","status":"publish","type":"page","link":"https:\/\/www.mq-abogados.pe\/en\/","title":{"rendered":"Home"},"content":{"rendered":"","protected":false},"excerpt":{"rendered":"","protected":false},"author":3,"featured_media":0,"parent":0,"menu_order":0,"comment_status":"closed","ping_status":"closed","template":"index.php","meta":{"footnotes":""},"class_list":["post-6","page","type-page","status-publish","hentry"],"yoast_head":"<!-- This site is optimized with the Yoast SEO plugin v26.5 - https:\/\/yoast.com\/wordpress\/plugins\/seo\/ -->\n<title>Home - Mir\u00f3 Quesada &amp; Miranda<\/title>\n<meta name=\"description\" content=\"(Es) En Mir\u00f3 Quesada &amp; Miranda brindamos asesor\u00eda legal en arbitraje, corporativo\/M&amp;A, contrataciones con el Estado, derecho civil, contratos y concursal.\" \/>\n<meta name=\"robots\" content=\"index, follow, max-snippet:-1, max-image-preview:large, max-video-preview:-1\" \/>\n<link rel=\"canonical\" href=\"https:\/\/www.mq-abogados.pe\/\" \/>\n<meta property=\"og:locale\" content=\"en_US\" \/>\n<meta property=\"og:type\" content=\"article\" \/>\n<meta property=\"og:title\" content=\"Home - Mir\u00f3 Quesada &amp; Miranda\" \/>\n<meta property=\"og:description\" content=\"{:es}{:es}En Mir\u00f3 Quesada &amp; Miranda brindamos asesor\u00eda legal en arbitraje, corporativo\/M&amp;A, contrataciones con el Estado, derecho civil, contratos y concursal.{:}{:}\" \/>\n<meta property=\"og:url\" content=\"https:\/\/www.mq-abogados.pe\/\" \/>\n<meta property=\"og:site_name\" content=\"Mir\u00f3 Quesada &amp; Miranda\" \/>\n<meta property=\"article:modified_time\" content=\"2025-02-18T16:55:46+00:00\" \/>\n<meta name=\"twitter:card\" content=\"summary_large_image\" \/>\n<script type=\"application\/ld+json\" class=\"yoast-schema-graph\">{\"@context\":\"https:\/\/schema.org\",\"@graph\":[{\"@type\":\"WebPage\",\"@id\":\"https:\/\/www.mq-abogados.pe\/\",\"url\":\"https:\/\/www.mq-abogados.pe\/\",\"name\":\"Home - Mir\u00f3 Quesada &amp; Miranda\",\"isPartOf\":{\"@id\":\"https:\/\/www.mq-abogados.pe\/#website\"},\"datePublished\":\"2018-06-10T07:17:24+00:00\",\"dateModified\":\"2025-02-18T16:55:46+00:00\",\"description\":\"{:es}{:es}En Mir\u00f3 Quesada & Miranda brindamos asesor\u00eda legal en arbitraje, corporativo\/M&A, contrataciones con el Estado, derecho civil, contratos y concursal.{:}{:}\",\"breadcrumb\":{\"@id\":\"https:\/\/www.mq-abogados.pe\/#breadcrumb\"},\"inLanguage\":\"en-US\",\"potentialAction\":[{\"@type\":\"ReadAction\",\"target\":[\"https:\/\/www.mq-abogados.pe\/\"]}]},{\"@type\":\"BreadcrumbList\",\"@id\":\"https:\/\/www.mq-abogados.pe\/#breadcrumb\",\"itemListElement\":[{\"@type\":\"ListItem\",\"position\":1,\"name\":\"Portada\",\"item\":\"https:\/\/www.mq-abogados.pe\/\"},{\"@type\":\"ListItem\",\"position\":2,\"name\":\"Inicio\"}]},{\"@type\":\"WebSite\",\"@id\":\"https:\/\/www.mq-abogados.pe\/#website\",\"url\":\"https:\/\/www.mq-abogados.pe\/\",\"name\":\"Mir\u00f3 Quesada &amp; Miranda\",\"description\":\"Abogados\",\"potentialAction\":[{\"@type\":\"SearchAction\",\"target\":{\"@type\":\"EntryPoint\",\"urlTemplate\":\"https:\/\/www.mq-abogados.pe\/?s={search_term_string}\"},\"query-input\":{\"@type\":\"PropertyValueSpecification\",\"valueRequired\":true,\"valueName\":\"search_term_string\"}}],\"inLanguage\":\"en-US\"}]}<\/script>\n<!-- \/ Yoast SEO plugin. -->","yoast_head_json":{"title":"Home - Mir\u00f3 Quesada &amp; Miranda","description":"(Es) En Mir\u00f3 Quesada & Miranda brindamos asesor\u00eda legal en arbitraje, corporativo\/M&A, contrataciones con el Estado, derecho civil, contratos y concursal.","robots":{"index":"index","follow":"follow","max-snippet":"max-snippet:-1","max-image-preview":"max-image-preview:large","max-video-preview":"max-video-preview:-1"},"canonical":"https:\/\/www.mq-abogados.pe\/","og_locale":"en_US","og_type":"article","og_title":"Home - Mir\u00f3 Quesada &amp; Miranda","og_description":"{:es}{:es}En Mir\u00f3 Quesada & Miranda brindamos asesor\u00eda legal en arbitraje, corporativo\/M&A, contrataciones con el Estado, derecho civil, contratos y concursal.{:}{:}","og_url":"https:\/\/www.mq-abogados.pe\/","og_site_name":"Mir\u00f3 Quesada &amp; Miranda","article_modified_time":"2025-02-18T16:55:46+00:00","twitter_card":"summary_large_image","schema":{"@context":"https:\/\/schema.org","@graph":[{"@type":"WebPage","@id":"https:\/\/www.mq-abogados.pe\/","url":"https:\/\/www.mq-abogados.pe\/","name":"Home - Mir\u00f3 Quesada &amp; Miranda","isPartOf":{"@id":"https:\/\/www.mq-abogados.pe\/#website"},"datePublished":"2018-06-10T07:17:24+00:00","dateModified":"2025-02-18T16:55:46+00:00","description":"{:es}{:es}En Mir\u00f3 Quesada & Miranda brindamos asesor\u00eda legal en arbitraje, corporativo\/M&A, contrataciones con el Estado, derecho civil, contratos y concursal.{:}{:}","breadcrumb":{"@id":"https:\/\/www.mq-abogados.pe\/#breadcrumb"},"inLanguage":"en-US","potentialAction":[{"@type":"ReadAction","target":["https:\/\/www.mq-abogados.pe\/"]}]},{"@type":"BreadcrumbList","@id":"https:\/\/www.mq-abogados.pe\/#breadcrumb","itemListElement":[{"@type":"ListItem","position":1,"name":"Portada","item":"https:\/\/www.mq-abogados.pe\/"},{"@type":"ListItem","position":2,"name":"Inicio"}]},{"@type":"WebSite","@id":"https:\/\/www.mq-abogados.pe\/#website","url":"https:\/\/www.mq-abogados.pe\/","name":"Mir\u00f3 Quesada &amp; Miranda","description":"Abogados","potentialAction":[{"@type":"SearchAction","target":{"@type":"EntryPoint","urlTemplate":"https:\/\/www.mq-abogados.pe\/?s={search_term_string}"},"query-input":{"@type":"PropertyValueSpecification","valueRequired":true,"valueName":"search_term_string"}}],"inLanguage":"en-US"}]}},"_links":{"self":[{"href":"https:\/\/www.mq-abogados.pe\/en\/wp-json\/wp\/v2\/pages\/6","targetHints":{"allow":["GET"]}}],"collection":[{"href":"https:\/\/www.mq-abogados.pe\/en\/wp-json\/wp\/v2\/pages"}],"about":[{"href":"https:\/\/www.mq-abogados.pe\/en\/wp-json\/wp\/v2\/types\/page"}],"author":[{"embeddable":true,"href":"https:\/\/www.mq-abogados.pe\/en\/wp-json\/wp\/v2\/users\/3"}],"replies":[{"embeddable":true,"href":"https:\/\/www.mq-abogados.pe\/en\/wp-json\/wp\/v2\/comments?post=6"}],"version-history":[{"count":6,"href":"https:\/\/www.mq-abogados.pe\/en\/wp-json\/wp\/v2\/pages\/6\/revisions"}],"predecessor-version":[{"id":439,"href":"https:\/\/www.mq-abogados.pe\/en\/wp-json\/wp\/v2\/pages\/6\/revisions\/439"}],"wp:attachment":[{"href":"https:\/\/www.mq-abogados.pe\/en\/wp-json\/wp\/v2\/media?parent=6"}],"curies":[{"name":"wp","href":"https:\/\/api.w.org\/{rel}","templated":true}]}}